{"id":45,"date":"2017-03-30T12:21:11","date_gmt":"2017-03-30T12:21:11","guid":{"rendered":"http:\/\/bymd.rapidocreative.com\/?page_id=45"},"modified":"2023-01-23T15:12:57","modified_gmt":"2023-01-23T15:12:57","slug":"hakkimizda","status":"publish","type":"page","link":"https:\/\/www.bmyd.org.tr\/en\/hakkimizda\/","title":{"rendered":"ABOUT"},"content":{"rendered":"<p><strong><img loading=\"lazy\" decoding=\"async\" class=\"size-medium wp-image-198 aligncenter\" src=\"https:\/\/www.bmyd.org\/wp-content\/uploads\/2022\/11\/BMYD_logo-300x134.jpeg\" alt=\"\" width=\"300\" height=\"134\" srcset=\"https:\/\/www.bmyd.org.tr\/wp-content\/uploads\/2022\/11\/BMYD_logo-300x134.jpeg 300w, https:\/\/www.bmyd.org.tr\/wp-content\/uploads\/2022\/11\/BMYD_logo-1024x458.jpeg 1024w, https:\/\/www.bmyd.org.tr\/wp-content\/uploads\/2022\/11\/BMYD_logo-768x344.jpeg 768w, https:\/\/www.bmyd.org.tr\/wp-content\/uploads\/2022\/11\/BMYD_logo-1536x687.jpeg 1536w, https:\/\/www.bmyd.org.tr\/wp-content\/uploads\/2022\/11\/BMYD_logo-700x313.jpeg 700w, https:\/\/www.bmyd.org.tr\/wp-content\/uploads\/2022\/11\/BMYD_logo-1300x582.jpeg 1300w, https:\/\/www.bmyd.org.tr\/wp-content\/uploads\/2022\/11\/BMYD_logo.jpeg 1600w\" sizes=\"auto, (max-width: 300px) 100vw, 300px\" \/><br \/>\nBMYD (Turkish Association of Independent Labels) was established in 2021 in \u0130stanbul by the <\/strong><strong>gathering<\/strong><strong> of 7 independent record companies with the aim of becoming an organization that brings independent record labels in Turkey under the same roof.\u00a0<\/strong><\/p>\n<p><strong>Primary objectives of the association are:<\/strong><\/p>\n<p><strong>Primary objectives of the association are: \nEnsuring access to equal, competitive and fairer opportunities for independents in the music industry;\u00a0<\/strong><\/p>\n<p><strong>Being in contact with all local, national and international institutions and organizations operating in thein the music and entertainment field and conveying current sectoral developments to its members;\u00a0<\/strong><\/p>\n<p><strong>Enabling different music genres to meet their listeners more easily and effectively;\nAssuring independents, who are members of the association, can access information transparently through real-time data flow;<\/strong><\/p>\n<p><strong>Working to maximize revenues, creating new sources of income, contributing to the growth of the music market;<\/strong><\/p>\n<p><strong>Paving the way for independent productions and producers;\nPreventing the monopolization of the sector.<\/strong><\/p>\n<p><strong>According to IMPALA, in the music sector for example over 80% of all new releases in Europe are on SME and also micro labels. The situation is the same in our country. Independent and small-scale music companies, managers, artists, all agents in the music industry need to be able to act together against constantly changing and difficult-to-cope-alone industry conditions. BMYD (Turkish Association of Independent Labels) aims to organize training programmes such as courses, seminars, conferences and panels in order to create an ecosystem where everyone in the music industry can access equal information and collectively seek solutions to common problems; events to support independent music producing companies, artists and musicians.\u00a0\u00a0<\/strong><\/p>\n<p><strong>BMYD (Turkish Association of Independent Labels) is the only member of IMPALA (Independent Music Companies Association) and WIN (Worldwide Independent Network) from Turkey and a part of the MERLIN Network.<\/strong><\/p>\n<p><a href=\"https:\/\/www.impalamusic.org\/\"><span style=\"font-weight: 300;\">https:\/\/www.impalamusic.org<\/span><\/a><\/p>\n<p><a href=\"https:\/\/winformusic.org\/\"><span style=\"font-weight: 300;\">https:\/\/winformusic.org<\/span><\/a><\/p>\n<p><a href=\"http:\/\/www.merlinnetwork.org\/\"><span style=\"font-weight: 300;\">http:\/\/www.merlinnetwork.org<\/span><\/a><\/p>\n<p><strong>Hangi konularda \u00e7al\u0131\u015f\u0131yoruz?<\/strong><\/p>\n<ul>\n<li><strong>Finding solutions to the current problems of the music industry in the age of digitalization<\/strong><\/li>\n<li><strong>Sustainability<\/strong><\/li>\n<li><strong>Protecting the rights of music producers<br \/>\n<\/strong><\/li>\n<li><strong>Creating an atmosphere where all sector stakeholders can compete on equal terms<br \/>\n<\/strong><\/li>\n<li><strong>Increasing the production and entrepreneurship of independent music.<\/strong><\/li>\n<\/ul>","protected":false},"excerpt":{"rendered":"<p>Ba\u011f\u0131ms\u0131z M\u00fczik Yap\u0131mc\u0131lar\u0131 Derne\u011fi (BMYD), T\u00fcrkiye\u2019deki ba\u011f\u0131ms\u0131z m\u00fczik yap\u0131mc\u0131lar\u0131n\u0131n ilk kez bir \u00e7at\u0131 alt\u0131nda topland\u0131\u011f\u0131 bir kurum olma hedefiyle 2021 y\u0131l\u0131nda 7 ba\u011f\u0131ms\u0131z plak \u015firketinin bir araya gelmesiyle \u0130stanbul\u2019da kuruldu.\u00a0 Derne\u011fin en \u00f6ncelikli hedef ve ama\u00e7lar\u0131 \u015funlard\u0131r: M\u00fczik sekt\u00f6r\u00fcndeki ba\u011f\u0131ms\u0131zlar\u0131n e\u015fit, rekabet\u00e7i ve daha adil f\u0131rsatlara eri\u015fmesini sa\u011flamak; M\u00fczik ve e\u011flence sekt\u00f6r\u00fcnde faaliyet g\u00f6steren t\u00fcm&#8230;<\/p>","protected":false},"author":1,"featured_media":0,"parent":0,"menu_order":0,"comment_status":"closed","ping_status":"closed","template":"","meta":{"footnotes":""},"class_list":["post-45","page","type-page","status-publish","hentry"],"_links":{"self":[{"href":"https:\/\/www.bmyd.org.tr\/en\/wp-json\/wp\/v2\/pages\/45","targetHints":{"allow":["GET"]}}],"collection":[{"href":"https:\/\/www.bmyd.org.tr\/en\/wp-json\/wp\/v2\/pages"}],"about":[{"href":"https:\/\/www.bmyd.org.tr\/en\/wp-json\/wp\/v2\/types\/page"}],"author":[{"embeddable":true,"href":"https:\/\/www.bmyd.org.tr\/en\/wp-json\/wp\/v2\/users\/1"}],"replies":[{"embeddable":true,"href":"https:\/\/www.bmyd.org.tr\/en\/wp-json\/wp\/v2\/comments?post=45"}],"version-history":[{"count":32,"href":"https:\/\/www.bmyd.org.tr\/en\/wp-json\/wp\/v2\/pages\/45\/revisions"}],"predecessor-version":[{"id":484,"href":"https:\/\/www.bmyd.org.tr\/en\/wp-json\/wp\/v2\/pages\/45\/revisions\/484"}],"wp:attachment":[{"href":"https:\/\/www.bmyd.org.tr\/en\/wp-json\/wp\/v2\/media?parent=45"}],"curies":[{"name":"wp","href":"https:\/\/api.w.org\/{rel}","templated":true}]}}