{"id":144,"date":"2017-04-17T12:58:28","date_gmt":"2017-04-17T12:58:28","guid":{"rendered":"http:\/\/bymd.rapidocreative.com\/?page_id=144"},"modified":"2025-12-06T18:15:36","modified_gmt":"2025-12-06T18:15:36","slug":"iletisim","status":"publish","type":"page","link":"https:\/\/www.bmyd.org.tr\/en\/iletisim\/","title":{"rendered":"CONTACT"},"content":{"rendered":"<p><strong>Do not hesitate to ask us any questions regarding our activities. We will be happy to answer you.<\/strong><br \/>\n<strong><a href=\"mailto:info@bmyd.org.tr\">info@bmyd.org.tr<\/a><\/strong><\/p>\n<p>&nbsp;<\/p>\n\r\n\t<div class=\"IconText\">\r\n\r\n\t\r\n\t\t<div class=\"icon-text-item\">\r\n\t\t\t<i class=\"icon-map\"><\/i>\r\n\t\t\t<span>Emirgan Mah. Mektebi Sok. No:58 D:2 34467 Emirgan, Sar\u0131yer ISTANBUL<\/span>\r\n\t\t<\/div>\r\n\r\n\t\r\n\t<\/div><!-- end IconText -->","protected":false},"excerpt":{"rendered":"<p>Faaliyetlerimizle ilgili her t\u00fcrl\u00fc soruyu bize sormaktan \u00e7ekinmeyin. Size cevap vermekten mutluluk duyar\u0131z. info@bmyd.org.tr &nbsp; Emirgan Mah. Mektebi Sok. No:58 D:2 34467 Emirgan, Sar\u0131yer ISTANBUL<\/p>","protected":false},"author":1,"featured_media":0,"parent":0,"menu_order":0,"comment_status":"closed","ping_status":"closed","template":"template-contact-no-map.php","meta":{"footnotes":""},"class_list":["post-144","page","type-page","status-publish","hentry"],"_links":{"self":[{"href":"https:\/\/www.bmyd.org.tr\/en\/wp-json\/wp\/v2\/pages\/144","targetHints":{"allow":["GET"]}}],"collection":[{"href":"https:\/\/www.bmyd.org.tr\/en\/wp-json\/wp\/v2\/pages"}],"about":[{"href":"https:\/\/www.bmyd.org.tr\/en\/wp-json\/wp\/v2\/types\/page"}],"author":[{"embeddable":true,"href":"https:\/\/www.bmyd.org.tr\/en\/wp-json\/wp\/v2\/users\/1"}],"replies":[{"embeddable":true,"href":"https:\/\/www.bmyd.org.tr\/en\/wp-json\/wp\/v2\/comments?post=144"}],"version-history":[{"count":14,"href":"https:\/\/www.bmyd.org.tr\/en\/wp-json\/wp\/v2\/pages\/144\/revisions"}],"predecessor-version":[{"id":760,"href":"https:\/\/www.bmyd.org.tr\/en\/wp-json\/wp\/v2\/pages\/144\/revisions\/760"}],"wp:attachment":[{"href":"https:\/\/www.bmyd.org.tr\/en\/wp-json\/wp\/v2\/media?parent=144"}],"curies":[{"name":"wp","href":"https:\/\/api.w.org\/{rel}","templated":true}]}}